{"id":408,"date":"2023-05-07T17:42:04","date_gmt":"2023-05-07T17:42:04","guid":{"rendered":"https:\/\/rautila.fi\/wordpress\/?page_id=408"},"modified":"2026-04-28T07:00:12","modified_gmt":"2026-04-28T07:00:12","slug":"tapahtumat","status":"publish","type":"page","link":"https:\/\/rautila.fi\/index.php\/tapahtumat\/","title":{"rendered":"Tapahtumat"},"content":{"rendered":"\r\n<h3 class=\"wp-block-heading\"><strong>Tapahtumakalenteri vuodelle 2026<\/strong><\/h3>\r\n\r\n\r\n\r\n<ul class=\"wp-block-list\">\r\n<li>112-p\u00e4iv\u00e4<\/li>\r\n\r\n\r\n\r\n<li>Yhdistyksen s\u00e4\u00e4nt\u00f6m\u00e4\u00e4r\u00e4inen kev\u00e4tkokous<\/li>\r\n\r\n\r\n\r\n<li>Kev\u00e4ttalkoot 30.5.\u00a0<\/li>\r\n<li>Kes\u00e4saunomiskausi alkaa 1.6.<\/li>\r\n\r\n\r\n\r\n\r\n\r\n<li>Kes\u00e4teatteri Vehmaalla 1.7.<\/li>\r\n<li>Rautilan Syysmarkkinat Vehmassalmen tanssilavalla 6.9.\u00a0<\/li>\r\n<li>Saunap\u00e4iv\u00e4 Avoimet lauteet 19.9. rantasaunalla<\/li>\r\n\r\n\r\n\r\n\r\n\r\n<li>Syystalkoot<\/li>\r\n\r\n\r\n\r\n<li>Yhdistyksen s\u00e4\u00e4nt\u00f6m\u00e4\u00e4r\u00e4inen syyskokous<\/li>\r\n\r\n\r\n<\/ul>\r\n<p>\u00a0 Listaa t\u00e4ydennet\u00e4\u00e4n vuoden mittaan.<\/p>\r\n\r\n\r\n\r\n<p>&nbsp;<\/p>\r\n\r\n\r\n\r\n<ul class=\"wp-block-list\">\r\n<li><a href=\"https:\/\/rautila.fi\/index.php\/tapahtumat\/syysmarkkinat\/\" data-type=\"page\" data-id=\"411\">Syysmarkkinat<\/a><\/li>\r\n\r\n\r\n\r\n<li><a href=\"https:\/\/rautila.fi\/index.php\/tapahtumat\/112-paiva\/\" data-type=\"page\" data-id=\"415\">112-p\u00e4iv\u00e4<\/a><\/li>\r\n\r\n\r\n\r\n<li><a href=\"https:\/\/rautila.fi\/index.php\/tapahtumat\/hyvaa-vehmaalla\/\" data-type=\"page\" data-id=\"417\">H<\/a><\/li>\r\n<\/ul>\r\n","protected":false},"excerpt":{"rendered":"<p>Tapahtumakalenteri vuodelle 2026 &nbsp;<\/p>\n","protected":false},"author":1,"featured_media":282,"parent":0,"menu_order":0,"comment_status":"closed","ping_status":"closed","template":"","meta":{"footnotes":""},"class_list":["post-408","page","type-page","status-publish","has-post-thumbnail","hentry"],"_links":{"self":[{"href":"https:\/\/rautila.fi\/index.php\/wp-json\/wp\/v2\/pages\/408","targetHints":{"allow":["GET"]}}],"collection":[{"href":"https:\/\/rautila.fi\/index.php\/wp-json\/wp\/v2\/pages"}],"about":[{"href":"https:\/\/rautila.fi\/index.php\/wp-json\/wp\/v2\/types\/page"}],"author":[{"embeddable":true,"href":"https:\/\/rautila.fi\/index.php\/wp-json\/wp\/v2\/users\/1"}],"replies":[{"embeddable":true,"href":"https:\/\/rautila.fi\/index.php\/wp-json\/wp\/v2\/comments?post=408"}],"version-history":[{"count":15,"href":"https:\/\/rautila.fi\/index.php\/wp-json\/wp\/v2\/pages\/408\/revisions"}],"predecessor-version":[{"id":1198,"href":"https:\/\/rautila.fi\/index.php\/wp-json\/wp\/v2\/pages\/408\/revisions\/1198"}],"wp:featuredmedia":[{"embeddable":true,"href":"https:\/\/rautila.fi\/index.php\/wp-json\/wp\/v2\/media\/282"}],"wp:attachment":[{"href":"https:\/\/rautila.fi\/index.php\/wp-json\/wp\/v2\/media?parent=408"}],"curies":[{"name":"wp","href":"https:\/\/api.w.org\/{rel}","templated":true}]}}