{"id":384,"date":"2023-05-07T17:03:41","date_gmt":"2023-05-07T17:03:41","guid":{"rendered":"https:\/\/rautila.fi\/wordpress\/?page_id=384"},"modified":"2023-06-28T15:49:48","modified_gmt":"2023-06-28T15:49:48","slug":"v2021","status":"publish","type":"page","link":"https:\/\/rautila.fi\/index.php\/tapahtumat\/menneet-tapahtumat\/v2021\/","title":{"rendered":"2021"},"content":{"rendered":"\r\n<ul class=\"wp-block-list\">\r\n<li><a href=\"#hein\u00e4-elokuu\">hein\u00e4\u2013elokuu<\/a><\/li>\r\n\r\n\r\n\r\n<li><a href=\"#kev\u00e4t\">kev\u00e4t ja alkuvuosi<\/a><\/li>\r\n<\/ul>\r\n\r\n\r\n\r\n<p><strong>Pe 17.12. saunottiin viimeinen kylm\u00e4uinti ennen koronakatkoa.<\/strong><\/p>\r\n\r\n\r\n\r\n<p><strong>Su 12.12. osallistuimme Vehmaan Lustasten 30-vuotisjuhlaan Tanhuantuvalla.<\/strong><\/p>\r\n\r\n\r\n\r\n<p><strong>La 11.12. osallistuimme Hyv\u00e4n mielen joulumyyj\u00e4isiin Mietoisten maamiesseurantalolla.<\/strong><\/p>\r\n\r\n\r\n\r\n<p><strong>Ma 29.11. Irjalan kentt\u00e4 avautui luisteluun.<\/strong><\/p>\r\n\r\n\r\n\r\n<p><strong>Pe 26.11. osallistuimme Vehmaan joulunavaukseen.<\/strong><\/p>\r\n\r\n\r\n\r\n<p><strong>La 20.11. osallistuimme Lahdingon kyl\u00e4yhdistyksen joulumyyj\u00e4isiin.<\/strong><\/p>\r\n\r\n\r\n\r\n<p><strong>La 13.11. yhdistetyt 40-vuotisjuhlat ja pikkujoulut Turun lentoasemalla.<\/strong> Nautittiin tervetuliaismaljat vip-huoneessa, kuultiin lentokent\u00e4n esittely, nautittiin jouluruokabuffet, kuunneltiin kyl\u00e4yhdistyksen alusta Kaarina Sacklenin kertomana ja tapahtumista 40 vuoden aikana puheenjohtajan kertomana. Illan p\u00e4\u00e4tti Ari &#8221;Vaakku&#8221; Varjuksen trubaduuriesitys. Kristiinan bussissa mukana 24 juhlijaa.<\/p>\r\n\r\n\r\n\r\n<p><strong>Su 24.10. puu- ja siivoustalkoot saunalla<\/strong>. Osallistujat: Risto A, Veli-Matti A, Heikki J, Mervi N, Kimmo R, Ismo S, Helin\u00e4 S, Jali S, Marika S.<\/p>\r\n\r\n\r\n\r\n<p><strong>La 16.10. osallistuimme Leader Ravakan retkelle Mathildedaliin.<\/strong> Vierailimme Matildan leipomossa ja ravintolassa, kyl\u00e4panimossa, Ruukin krouvissa lounaalla, vierasvenesataman putiikeissa, Kirjakkalan ruukin luontomatkailuyritt\u00e4j\u00e4n luona, Teijon kyl\u00e4koulussa tapaamassa paikallisen kyl\u00e4yhdistyksen aktiiveja sek\u00e4 Teijon masuunin galleriassa. Bussiretkel\u00e4isi\u00e4 kyl\u00e4yhdistyksest\u00e4mme yhteens\u00e4 12.<\/p>\r\n\r\n\r\n\r\n<p>Sunnuntaiksi 5.9. aiotut Rautilan Syysmarkkinat jouduttiin peruuttamaan koronatilanteen takia.<\/p>\r\n\r\n\r\n\r\n<p id=\"hein\u00e4-elokuu\"><strong>Su 1.8. osallistuimme Tour de Vehmaa -py\u00f6r\u00e4ilytapahtumaan<\/strong> j\u00e4rjest\u00e4m\u00e4ll\u00e4 Rautilan saunalla taukopaikan: sauna oli l\u00e4mpim\u00e4n\u00e4 koko iltap\u00e4iv\u00e4n ja puffetista oli ostettavissa grillimakkaraa ja virvokkeita. Saunalla poikkesi yli 80 py\u00f6r\u00e4ilij\u00e4\u00e4.<\/p>\r\n\r\n\r\n\r\n<p><strong>Ke 28.7. pidimme niitto- ja puutalkoot Irjalan kent\u00e4ll\u00e4.<\/strong> Ker\u00e4ttiin niitetty hein\u00e4, siistittiin laavun ymp\u00e4rist\u00f6 ja tehtiin polttopuita talven makkaratulia varten. Sateisessa keliss\u00e4 ahkeroi 9 yhdistysl\u00e4ist\u00e4.<\/p>\r\n\r\n\r\n\r\n<p><strong>Kes\u00e4teatteriretki<\/strong> Nutturlan Makasiiniteatteriin tehtiin ma 26.7. Kristiinan bussilla. Tuplakupla-n\u00e4ytelm\u00e4\u00e4 oli seuraamassa 24 kyl\u00e4yhdistysl\u00e4ist\u00e4.<\/p>\r\n\r\n\r\n\r\n<p><strong>Vehmaan kunnan uimakoulua<\/strong> pidettiin Rautilan saunalla 26.-30.7.<\/p>\r\n\r\n\r\n\r\n<p id=\"kev\u00e4t\"><strong>La 22.5. perinteiset puu- ja siivoustalkoot saunalla.<\/strong> Ranta siivottiin kaisloista, m\u00f6kit sis\u00e4lt\u00e4 ja polttopuita ker\u00e4ttiin l\u00e4heisen mets\u00e4n tuulenkaatamista. Mukana oli 20 iloista talkoilijaa &#8211; kiitokset Risto A, Veli-Matti A, Heikki J, Oskari K, Veikko K, Osmo K, Tuula K, Jukka L, Marja L, Mervi N, Kimmo R, Helin\u00e4 S, Jali S, Marika S sek\u00e4 Jarkko V + apurit!<\/p>\r\n\r\n\r\n\r\n<figure class=\"wp-block-image is-resized\"><img loading=\"lazy\" decoding=\"async\" src=\"https:\/\/rautila.fi\/kuvat_rautila\/talkoot k21.jpg\" alt=\"\" width=\"409\" height=\"307\"\/><\/figure>\r\n\r\n\r\n\r\n<figure class=\"wp-block-image is-resized\"><img loading=\"lazy\" decoding=\"async\" src=\"https:\/\/rautila.fi\/kuvat_rautila\/talkoot2 k21.jpg\" alt=\"\" width=\"248\" height=\"331\"\/><\/figure>\r\n\r\n\r\n\r\n<figure class=\"wp-block-image is-resized\"><img loading=\"lazy\" decoding=\"async\" src=\"https:\/\/rautila.fi\/kuvat_rautila\/talkoot3 k21.jpg\" alt=\"\" width=\"250\" height=\"333\"\/><\/figure>\r\n\r\n\r\n\r\n<p><strong>Ti 2.2. Irjalan kent\u00e4n valaistus korjattu.<\/strong> Kiitokset Vehmaan kunnalle, ett\u00e4 kent\u00e4lle saatiin uudet ledivalot ja ajastin. Kiitokset talkooty\u00f6st\u00e4 ja eritt\u00e4in nopeasta toiminnasta Vehmaan S\u00e4hk\u00f6palvelu Rinne &amp; Laurila Oy.<\/p>\r\n\r\n\r\n\r\n<figure class=\"wp-block-image is-resized\"><img loading=\"lazy\" decoding=\"async\" src=\"https:\/\/rautila.fi\/kuvat_rautila\/Irjalan uudet valot.JPG\" alt=\"\" width=\"431\" height=\"178\"\/><\/figure>\r\n\r\n\r\n\r\n<p><strong>Pe 8.1. Irjalan kentt\u00e4 avattu. <\/strong>L\u00e4mpim\u00e4t kiitokset Aaltosen Jarille ja Reijolle j\u00e4\u00e4dytystalkoista. Kentt\u00e4 oli heti alusta asti ahkerassa k\u00e4yt\u00f6ss\u00e4. Kent\u00e4n valot ovat p\u00e4\u00e4ll\u00e4 klo 17-21 ja laavulta l\u00f6ytyy puita makkaranpaistoa varten. Kentt\u00e4 k\u00e4ytett\u00e4viss\u00e4 aina kelien mukaan.<\/p>\r\n\r\n\r\n\r\n<figure class=\"wp-block-image is-resized\"><img loading=\"lazy\" decoding=\"async\" src=\"https:\/\/rautila.fi\/kuvat_rautila\/irjalan kentta.jpg\" alt=\"\" width=\"433\" height=\"325\"\/><\/figure>\r\n","protected":false},"excerpt":{"rendered":"<p>Pe 17.12. saunottiin viimeinen kylm\u00e4uinti ennen koronakatkoa. Su 12.12. osallistuimme Vehmaan Lustasten 30-vuotisjuhlaan Tanhuantuvalla. La 11.12. osallistuimme Hyv\u00e4n mielen joulumyyj\u00e4isiin Mietoisten maamiesseurantalolla. Ma 29.11. Irjalan kentt\u00e4 avautui luisteluun. Pe 26.11. osallistuimme Vehmaan joulunavaukseen. La 20.11. osallistuimme Lahdingon kyl\u00e4yhdistyksen joulumyyj\u00e4isiin. La &hellip; <a href=\"https:\/\/rautila.fi\/index.php\/tapahtumat\/menneet-tapahtumat\/v2021\/\">Lue loppuun <span class=\"meta-nav\">&rarr;<\/span><\/a><\/p>\n","protected":false},"author":1,"featured_media":0,"parent":21,"menu_order":2,"comment_status":"closed","ping_status":"closed","template":"onecolumn-page.php","meta":{"footnotes":""},"class_list":["post-384","page","type-page","status-publish","hentry"],"_links":{"self":[{"href":"https:\/\/rautila.fi\/index.php\/wp-json\/wp\/v2\/pages\/384","targetHints":{"allow":["GET"]}}],"collection":[{"href":"https:\/\/rautila.fi\/index.php\/wp-json\/wp\/v2\/pages"}],"about":[{"href":"https:\/\/rautila.fi\/index.php\/wp-json\/wp\/v2\/types\/page"}],"author":[{"embeddable":true,"href":"https:\/\/rautila.fi\/index.php\/wp-json\/wp\/v2\/users\/1"}],"replies":[{"embeddable":true,"href":"https:\/\/rautila.fi\/index.php\/wp-json\/wp\/v2\/comments?post=384"}],"version-history":[{"count":7,"href":"https:\/\/rautila.fi\/index.php\/wp-json\/wp\/v2\/pages\/384\/revisions"}],"predecessor-version":[{"id":656,"href":"https:\/\/rautila.fi\/index.php\/wp-json\/wp\/v2\/pages\/384\/revisions\/656"}],"up":[{"embeddable":true,"href":"https:\/\/rautila.fi\/index.php\/wp-json\/wp\/v2\/pages\/21"}],"wp:attachment":[{"href":"https:\/\/rautila.fi\/index.php\/wp-json\/wp\/v2\/media?parent=384"}],"curies":[{"name":"wp","href":"https:\/\/api.w.org\/{rel}","templated":true}]}}