{"id":303,"date":"2023-05-05T21:36:13","date_gmt":"2023-05-05T21:36:13","guid":{"rendered":"https:\/\/rautila.fi\/wordpress\/?page_id=303"},"modified":"2026-01-19T20:14:33","modified_gmt":"2026-01-19T20:14:33","slug":"jasenhakemus","status":"publish","type":"page","link":"https:\/\/rautila.fi\/index.php\/yhdistys\/jasenhakemus\/","title":{"rendered":"J\u00e4senhakemus"},"content":{"rendered":"\r\n<p>J\u00e4senmaksulla (15 \u20ac henkil\u00f6j\u00e4sen; 50 \u20ac yritys\/yhteis\u00f6j\u00e4sen) saat mm. j\u00e4senpostia, retkimahdollisuuksia sek\u00e4 alennusta saunan vuokrahinnoista. Tule sin\u00e4kin mukaan!<\/p>\r\n\r\n\r\n\r\n<p>Kun olet t\u00e4ytt\u00e4nyt j\u00e4senhakemuksen ja maksanut j\u00e4senmaksun, k\u00e4sittelemme j\u00e4senhakemuksesi seuraavassa hallituksen kokouksessa.<\/p>\r\n\r\n\r\n\r\n<p><iframe loading=\"lazy\" src=\"https:\/\/docs.google.com\/forms\/d\/1vt2L3f2nphDza0Ap1xy4031JjBRFSVPGHk_-drXCtlI\/viewform?embedded=true\" width=\"760\" height=\"1000\" frameborder=\"0\" marginwidth=\"0\" marginheight=\"0\">Loading&#8230;<\/iframe><\/p>\r\n","protected":false},"excerpt":{"rendered":"<p>J\u00e4senmaksulla (15 \u20ac henkil\u00f6j\u00e4sen; 50 \u20ac yritys\/yhteis\u00f6j\u00e4sen) saat mm. j\u00e4senpostia, retkimahdollisuuksia sek\u00e4 alennusta saunan vuokrahinnoista. Tule sin\u00e4kin mukaan! Kun olet t\u00e4ytt\u00e4nyt j\u00e4senhakemuksen ja maksanut j\u00e4senmaksun, k\u00e4sittelemme j\u00e4senhakemuksesi seuraavassa hallituksen kokouksessa. Loading&#8230;<\/p>\n","protected":false},"author":1,"featured_media":0,"parent":23,"menu_order":4,"comment_status":"closed","ping_status":"closed","template":"onecolumn-page.php","meta":{"footnotes":""},"class_list":["post-303","page","type-page","status-publish","hentry"],"_links":{"self":[{"href":"https:\/\/rautila.fi\/index.php\/wp-json\/wp\/v2\/pages\/303","targetHints":{"allow":["GET"]}}],"collection":[{"href":"https:\/\/rautila.fi\/index.php\/wp-json\/wp\/v2\/pages"}],"about":[{"href":"https:\/\/rautila.fi\/index.php\/wp-json\/wp\/v2\/types\/page"}],"author":[{"embeddable":true,"href":"https:\/\/rautila.fi\/index.php\/wp-json\/wp\/v2\/users\/1"}],"replies":[{"embeddable":true,"href":"https:\/\/rautila.fi\/index.php\/wp-json\/wp\/v2\/comments?post=303"}],"version-history":[{"count":8,"href":"https:\/\/rautila.fi\/index.php\/wp-json\/wp\/v2\/pages\/303\/revisions"}],"predecessor-version":[{"id":1170,"href":"https:\/\/rautila.fi\/index.php\/wp-json\/wp\/v2\/pages\/303\/revisions\/1170"}],"up":[{"embeddable":true,"href":"https:\/\/rautila.fi\/index.php\/wp-json\/wp\/v2\/pages\/23"}],"wp:attachment":[{"href":"https:\/\/rautila.fi\/index.php\/wp-json\/wp\/v2\/media?parent=303"}],"curies":[{"name":"wp","href":"https:\/\/api.w.org\/{rel}","templated":true}]}}