{"id":24,"date":"2023-04-21T12:35:50","date_gmt":"2023-04-21T12:35:50","guid":{"rendered":"https:\/\/rautila.fi\/wordpress\/?page_id=24"},"modified":"2026-02-04T06:29:25","modified_gmt":"2026-02-04T06:29:25","slug":"yhteystiedot","status":"publish","type":"page","link":"https:\/\/rautila.fi\/index.php\/yhteystiedot\/","title":{"rendered":"Yhteystiedot"},"content":{"rendered":"\r\n<p><strong>Rautilan-Irjalan kyl\u00e4yhdistys ry<\/strong><br \/>Pirkko Tammelin<br \/>Rantatie 64<br \/>23260 Vehmaa<br \/>puh. 050 567 3063<br \/>pirkko.tammelin@rautila.fi<\/p>\r\n\r\n\r\n\r\n<h3 class=\"wp-block-heading\"><strong>Y-tunnus:<\/strong><\/h3>\r\n\r\n\r\n\r\n<p>1477006-5<\/p>\r\n\r\n\r\n\r\n<h3 class=\"wp-block-heading\"><strong>Pankkiyhteys:<\/strong><\/h3>\r\n\r\n\r\n\r\n<p>Rautilan-Irjalan kyl\u00e4yhdistys<br \/>Kalannin S\u00e4\u00e4st\u00f6pankki FI54 4350 0010 0426 69<br \/>Viite vuokrattaessa: 1083<br \/>Viite maksettaessa j\u00e4senmaksua liitytt\u00e4ess\u00e4 j\u00e4seneksi: 1106<\/p>\r\n\r\n\r\n\r\n<p>Viite talvisaunamaksuun (koko kausi 50 \u20ac): 20226<\/p>\r\n\r\n\r\n<hr class=\"wp-block-separator has-alpha-channel-opacity is-style-wide\" \/>\r\n\r\n\r\n<p><a href=\"https:\/\/rautila.fi\/index.php\/yhdistys\/jasenhakemus\/\" data-type=\"page\">[Liity j\u00e4seneksi]<\/a><\/p>\r\n","protected":false},"excerpt":{"rendered":"<p>Rautilan-Irjalan kyl\u00e4yhdistys ryPirkko TammelinRantatie 6423260 Vehmaapuh. 050 567 3063pirkko.tammelin@rautila.fi Y-tunnus: 1477006-5 Pankkiyhteys: Rautilan-Irjalan kyl\u00e4yhdistysKalannin S\u00e4\u00e4st\u00f6pankki FI54 4350 0010 0426 69Viite vuokrattaessa: 1083Viite maksettaessa j\u00e4senmaksua liitytt\u00e4ess\u00e4 j\u00e4seneksi: 1106 Viite talvisaunamaksuun (koko kausi 50 \u20ac): 20226 [Liity j\u00e4seneksi]<\/p>\n","protected":false},"author":1,"featured_media":0,"parent":0,"menu_order":0,"comment_status":"closed","ping_status":"closed","template":"","meta":{"footnotes":""},"class_list":["post-24","page","type-page","status-publish","hentry"],"_links":{"self":[{"href":"https:\/\/rautila.fi\/index.php\/wp-json\/wp\/v2\/pages\/24","targetHints":{"allow":["GET"]}}],"collection":[{"href":"https:\/\/rautila.fi\/index.php\/wp-json\/wp\/v2\/pages"}],"about":[{"href":"https:\/\/rautila.fi\/index.php\/wp-json\/wp\/v2\/types\/page"}],"author":[{"embeddable":true,"href":"https:\/\/rautila.fi\/index.php\/wp-json\/wp\/v2\/users\/1"}],"replies":[{"embeddable":true,"href":"https:\/\/rautila.fi\/index.php\/wp-json\/wp\/v2\/comments?post=24"}],"version-history":[{"count":11,"href":"https:\/\/rautila.fi\/index.php\/wp-json\/wp\/v2\/pages\/24\/revisions"}],"predecessor-version":[{"id":1173,"href":"https:\/\/rautila.fi\/index.php\/wp-json\/wp\/v2\/pages\/24\/revisions\/1173"}],"wp:attachment":[{"href":"https:\/\/rautila.fi\/index.php\/wp-json\/wp\/v2\/media?parent=24"}],"curies":[{"name":"wp","href":"https:\/\/api.w.org\/{rel}","templated":true}]}}