{"id":23,"date":"2023-04-21T12:35:50","date_gmt":"2023-04-21T12:35:50","guid":{"rendered":"https:\/\/rautila.fi\/wordpress\/?page_id=23"},"modified":"2025-01-03T20:57:42","modified_gmt":"2025-01-03T20:57:42","slug":"yhdistys","status":"publish","type":"page","link":"https:\/\/rautila.fi\/index.php\/yhdistys\/","title":{"rendered":"Yhdistys"},"content":{"rendered":"\n<h3 class=\"wp-block-heading\">Rautilan-Irjalan kyl\u00e4yhdistys ry<\/h3>\n\n\n\n<p>Rautilan-Irjalan kyl\u00e4yhdistys on perustettu vuonna 1981. Yhdistyksen nimi juontaa kyl\u00e4toimikuntaan, jonka toiminta-alueeksi alunalkaen yhdistettiin kaksi silloista vierekk\u00e4ist\u00e4 kansakoulupiiri\u00e4 &#8211; Rautila ja Irjala.<\/p>\n\n\n\n<p>Kyl\u00e4yhdistyksen teht\u00e4v\u00e4n\u00e4 on alusta alkaen ollut Rautilan ja Irjalan kylien kehitt\u00e4minen&nbsp; ja yhteistoiminnan lis\u00e4\u00e4minen. Nykyisin yhdistyksemme on varsin aktiivinen toimija Vehmaalla. Omistamme rantasaunan Rautilassa Vehmassalmen rannalla. J\u00e4rjest\u00e4mme saunomisen lis\u00e4ksi erilaisia tapahtumia, retki\u00e4 ja talkoita.<\/p>\n\n\n\n<p>Yhdistykseemme kuuluu noin 130 j\u00e4sent\u00e4. J\u00e4senmaksulla (10\u20ac henkil\u00f6j\u00e4sen; 50\u20ac yritys\/yhteis\u00f6j\u00e4sen) saat mm. j\u00e4senpostia, retkimahdollisuuksia sek\u00e4 alennusta saunan vuokrahinnoista. Viet\u00e4mme vuosittain my\u00f6s ohjelmalliset pikkujoulut. Tule sin\u00e4kin mukaan!<\/p>\n\n\n\n<p><strong>Hallitus 2025<\/strong><\/p>\n\n\n\n<p>Veli-Matti Ahokas<br>Heikki Jaakkola<br>Oskari Karjalainen<br>Tuula Krookila<br>Eeva Lahtivuo, j\u00e4senvastaava, saunan vuokraus<br>Mervi Nystr\u00f6m, varapj.<br>Kimmo Rantanen<br>Ismo Salo<br>Helin\u00e4 Sepp\u00e4l\u00e4<br>Pirkko Tammelin, pj., rahastonhoitaja<br>Elina Terhel\u00e4, sihteeri<\/p>\n\n\n\n<figure class=\"wp-block-image size-large\"><img loading=\"lazy\" decoding=\"async\" width=\"1024\" height=\"908\" src=\"https:\/\/rautila.fi\/wp-content\/uploads\/2025\/01\/20250103_183359-1-1024x908.jpg\" alt=\"\" class=\"wp-image-1044\" srcset=\"https:\/\/rautila.fi\/wp-content\/uploads\/2025\/01\/20250103_183359-1-1024x908.jpg 1024w, https:\/\/rautila.fi\/wp-content\/uploads\/2025\/01\/20250103_183359-1-300x266.jpg 300w, https:\/\/rautila.fi\/wp-content\/uploads\/2025\/01\/20250103_183359-1-768x681.jpg 768w, https:\/\/rautila.fi\/wp-content\/uploads\/2025\/01\/20250103_183359-1-1536x1362.jpg 1536w, https:\/\/rautila.fi\/wp-content\/uploads\/2025\/01\/20250103_183359-1-2048x1816.jpg 2048w\" sizes=\"auto, (max-width: 1024px) 100vw, 1024px\" \/><figcaption class=\"wp-element-caption\">Hallitus 2025<\/figcaption><\/figure>\n\n\n\n<ul class=\"wp-block-list\">\n<li><a href=\"https:\/\/rautila.fi\/index.php\/yhteystiedot\/\">Yhteystiedot<\/a><\/li>\n\n\n\n<li><a href=\"https:\/\/rautila.fi\/index.php\/yhdistys\/jasenhakemus\/\">Liity j\u00e4seneksi<\/a><\/li>\n\n\n\n<li><a href=\"https:\/\/rautila.fi\/index.php\/yhteystiedot\/ota-yhteytta\/\">Ota yhteytt\u00e4<\/a><\/li>\n<\/ul>\n\n\n\n<p class=\"has-small-font-size\"><a href=\"https:\/\/rautila.fi\/index.php\/yhdistys\/hallituksen-sivut\/\" data-type=\"page\" data-id=\"478\">[Kirjaudu hallituksen sivuille]<\/a><\/p>\n","protected":false},"excerpt":{"rendered":"<p>Rautilan-Irjalan kyl\u00e4yhdistys ry Rautilan-Irjalan kyl\u00e4yhdistys on perustettu vuonna 1981. Yhdistyksen nimi juontaa kyl\u00e4toimikuntaan, jonka toiminta-alueeksi alunalkaen yhdistettiin kaksi silloista vierekk\u00e4ist\u00e4 kansakoulupiiri\u00e4 &#8211; Rautila ja Irjala. Kyl\u00e4yhdistyksen teht\u00e4v\u00e4n\u00e4 on alusta alkaen ollut Rautilan ja Irjalan kylien kehitt\u00e4minen&nbsp; ja yhteistoiminnan lis\u00e4\u00e4minen. Nykyisin &hellip; <a href=\"https:\/\/rautila.fi\/index.php\/yhdistys\/\">Lue loppuun <span class=\"meta-nav\">&rarr;<\/span><\/a><\/p>\n","protected":false},"author":1,"featured_media":0,"parent":0,"menu_order":0,"comment_status":"closed","ping_status":"closed","template":"","meta":{"footnotes":""},"class_list":["post-23","page","type-page","status-publish","hentry"],"_links":{"self":[{"href":"https:\/\/rautila.fi\/index.php\/wp-json\/wp\/v2\/pages\/23","targetHints":{"allow":["GET"]}}],"collection":[{"href":"https:\/\/rautila.fi\/index.php\/wp-json\/wp\/v2\/pages"}],"about":[{"href":"https:\/\/rautila.fi\/index.php\/wp-json\/wp\/v2\/types\/page"}],"author":[{"embeddable":true,"href":"https:\/\/rautila.fi\/index.php\/wp-json\/wp\/v2\/users\/1"}],"replies":[{"embeddable":true,"href":"https:\/\/rautila.fi\/index.php\/wp-json\/wp\/v2\/comments?post=23"}],"version-history":[{"count":19,"href":"https:\/\/rautila.fi\/index.php\/wp-json\/wp\/v2\/pages\/23\/revisions"}],"predecessor-version":[{"id":1045,"href":"https:\/\/rautila.fi\/index.php\/wp-json\/wp\/v2\/pages\/23\/revisions\/1045"}],"wp:attachment":[{"href":"https:\/\/rautila.fi\/index.php\/wp-json\/wp\/v2\/media?parent=23"}],"curies":[{"name":"wp","href":"https:\/\/api.w.org\/{rel}","templated":true}]}}