{"id":19,"date":"2023-04-21T12:35:50","date_gmt":"2023-04-21T12:35:50","guid":{"rendered":"https:\/\/rautila.fi\/wordpress\/?page_id=19"},"modified":"2025-06-30T15:56:54","modified_gmt":"2025-06-30T15:56:54","slug":"tuotteet","status":"publish","type":"page","link":"https:\/\/rautila.fi\/index.php\/tuotteet\/","title":{"rendered":"Tuotteet"},"content":{"rendered":"\n<p>Kyl\u00e4yhdistyksell\u00e4 on t\u00e4ll\u00e4 hetkell\u00e4 myynniss\u00e4<\/p>\n\n\n\n<figure class=\"wp-block-gallery has-nested-images columns-default is-cropped wp-block-gallery-1 is-layout-flex wp-block-gallery-is-layout-flex\">\n<figure class=\"wp-block-image size-large\"><img loading=\"lazy\" decoding=\"async\" width=\"1024\" height=\"768\" data-id=\"883\" src=\"https:\/\/rautila.fi\/wp-content\/uploads\/2024\/05\/20240317_140900-1024x768.jpg\" alt=\"\" class=\"wp-image-883\" srcset=\"https:\/\/rautila.fi\/wp-content\/uploads\/2024\/05\/20240317_140900-1024x768.jpg 1024w, https:\/\/rautila.fi\/wp-content\/uploads\/2024\/05\/20240317_140900-300x225.jpg 300w, https:\/\/rautila.fi\/wp-content\/uploads\/2024\/05\/20240317_140900-768x576.jpg 768w, https:\/\/rautila.fi\/wp-content\/uploads\/2024\/05\/20240317_140900-1536x1152.jpg 1536w, https:\/\/rautila.fi\/wp-content\/uploads\/2024\/05\/20240317_140900-2048x1536.jpg 2048w\" sizes=\"auto, (max-width: 1024px) 100vw, 1024px\" \/><figcaption class=\"wp-element-caption\">Rautila-servietit<\/figcaption><\/figure>\n\n\n\n<figure class=\"wp-block-image size-large\"><img loading=\"lazy\" decoding=\"async\" width=\"1024\" height=\"768\" data-id=\"694\" src=\"https:\/\/rautila.fi\/wp-content\/uploads\/2023\/06\/jakkara-1024x768.jpg\" alt=\"\" class=\"wp-image-694\" srcset=\"https:\/\/rautila.fi\/wp-content\/uploads\/2023\/06\/jakkara-1024x768.jpg 1024w, https:\/\/rautila.fi\/wp-content\/uploads\/2023\/06\/jakkara-300x225.jpg 300w, https:\/\/rautila.fi\/wp-content\/uploads\/2023\/06\/jakkara-768x576.jpg 768w, https:\/\/rautila.fi\/wp-content\/uploads\/2023\/06\/jakkara-1536x1152.jpg 1536w, https:\/\/rautila.fi\/wp-content\/uploads\/2023\/06\/jakkara-2048x1536.jpg 2048w\" sizes=\"auto, (max-width: 1024px) 100vw, 1024px\" \/><figcaption class=\"wp-element-caption\">Meditaatio-\/kakkajakkara<\/figcaption><\/figure>\n\n\n\n<figure class=\"wp-block-image size-large\"><img loading=\"lazy\" decoding=\"async\" width=\"538\" height=\"285\" data-id=\"693\" src=\"https:\/\/rautila.fi\/wp-content\/uploads\/2023\/06\/minikylmalaukku.jpg\" alt=\"\" class=\"wp-image-693\" srcset=\"https:\/\/rautila.fi\/wp-content\/uploads\/2023\/06\/minikylmalaukku.jpg 538w, https:\/\/rautila.fi\/wp-content\/uploads\/2023\/06\/minikylmalaukku-300x159.jpg 300w\" sizes=\"auto, (max-width: 538px) 100vw, 538px\" \/><figcaption class=\"wp-element-caption\">Minikylm\u00e4laukut esim. kuudelle t\u00f6lkille, j\u00e4\u00e4tel\u00f6pakkaukselle, ev\u00e4ille<\/figcaption><\/figure>\n\n\n\n<figure class=\"wp-block-image size-large\"><img loading=\"lazy\" decoding=\"async\" width=\"1024\" height=\"577\" data-id=\"862\" src=\"https:\/\/rautila.fi\/wp-content\/uploads\/2023\/11\/tarjottimet-1024x577.jpg\" alt=\"\" class=\"wp-image-862\" srcset=\"https:\/\/rautila.fi\/wp-content\/uploads\/2023\/11\/tarjottimet-1024x577.jpg 1024w, https:\/\/rautila.fi\/wp-content\/uploads\/2023\/11\/tarjottimet-300x169.jpg 300w, https:\/\/rautila.fi\/wp-content\/uploads\/2023\/11\/tarjottimet-768x433.jpg 768w, https:\/\/rautila.fi\/wp-content\/uploads\/2023\/11\/tarjottimet-1536x866.jpg 1536w, https:\/\/rautila.fi\/wp-content\/uploads\/2023\/11\/tarjottimet.jpg 1632w\" sizes=\"auto, (max-width: 1024px) 100vw, 1024px\" \/><figcaption class=\"wp-element-caption\">Tarjottimet<\/figcaption><\/figure>\n<\/figure>\n\n\n\n<p><\/p>\n\n\n\n<ul class=\"wp-block-list\">\n<li>ruokaservietit 33x33cm 20 kpl pakkaus 5 \u20ac \/ kahviservietit 20 kpl pakkaus 5 \u20ac<\/li>\n\n\n\n<li>minikylm\u00e4laukku 8 \u20ac<\/li>\n\n\n\n<li>meditaatio\/kakkajakkara 15 \u20ac<\/li>\n\n\n\n<li>kirjanmerkki 1 \u20ac<\/li>\n\n\n\n<li>iso tarjotin 24 \u20ac<\/li>\n\n\n\n<li>keskikokoinen tarjotin 18 \u20ac<\/li>\n\n\n\n<li>pieni tarjotin 15 \u20ac<\/li>\n\n\n\n<li>kangaskassi 5 \u20ac<\/li>\n<\/ul>\n\n\n\n<figure class=\"wp-block-image size-full is-resized\"><img loading=\"lazy\" decoding=\"async\" width=\"300\" height=\"225\" src=\"https:\/\/rautila.fi\/wp-content\/uploads\/2023\/05\/riky-tuotteet-joulu20-1.jpg\" alt=\"\" class=\"wp-image-562\"\/><\/figure>\n","protected":false},"excerpt":{"rendered":"<p>Kyl\u00e4yhdistyksell\u00e4 on t\u00e4ll\u00e4 hetkell\u00e4 myynniss\u00e4<\/p>\n","protected":false},"author":1,"featured_media":0,"parent":0,"menu_order":0,"comment_status":"closed","ping_status":"closed","template":"","meta":{"footnotes":""},"class_list":["post-19","page","type-page","status-publish","hentry"],"_links":{"self":[{"href":"https:\/\/rautila.fi\/index.php\/wp-json\/wp\/v2\/pages\/19","targetHints":{"allow":["GET"]}}],"collection":[{"href":"https:\/\/rautila.fi\/index.php\/wp-json\/wp\/v2\/pages"}],"about":[{"href":"https:\/\/rautila.fi\/index.php\/wp-json\/wp\/v2\/types\/page"}],"author":[{"embeddable":true,"href":"https:\/\/rautila.fi\/index.php\/wp-json\/wp\/v2\/users\/1"}],"replies":[{"embeddable":true,"href":"https:\/\/rautila.fi\/index.php\/wp-json\/wp\/v2\/comments?post=19"}],"version-history":[{"count":10,"href":"https:\/\/rautila.fi\/index.php\/wp-json\/wp\/v2\/pages\/19\/revisions"}],"predecessor-version":[{"id":1107,"href":"https:\/\/rautila.fi\/index.php\/wp-json\/wp\/v2\/pages\/19\/revisions\/1107"}],"wp:attachment":[{"href":"https:\/\/rautila.fi\/index.php\/wp-json\/wp\/v2\/media?parent=19"}],"curies":[{"name":"wp","href":"https:\/\/api.w.org\/{rel}","templated":true}]}}