{"id":18,"date":"2023-04-21T12:35:50","date_gmt":"2023-04-21T12:35:50","guid":{"rendered":"https:\/\/rautila.fi\/wordpress\/?page_id=18"},"modified":"2025-12-30T11:34:35","modified_gmt":"2025-12-30T11:34:35","slug":"rantasauna","status":"publish","type":"page","link":"https:\/\/rautila.fi\/index.php\/rantasauna\/","title":{"rendered":"Rantasauna"},"content":{"rendered":"\r\n<p>Rautilan-Irjalan kyl\u00e4yhdistys vuokraa rantasaunaa, joka sijaitsee Vehmaan kunnassa Rautilan kyl\u00e4ss\u00e4 Vehmassalmen rannalla Vehmassalmen tanssipaviljongin ja Vankkurivehmas-karavaanarialueen (SF Caravan Raisio) l\u00e4heisyydess\u00e4.<br \/><strong>Osoite: Vanha rantatie 1, 23260 Rautila.<\/strong><br \/><strong>Koordinaatit (Google maps): 60.62105256830462, 21.68773637840388<\/strong><\/p>\r\n\r\n\r\n\r\n<p>Puul\u00e4mmitteiseen saunaan mahtuu kerrallaan kolmisenkymment\u00e4 saunojaa. Saunarakennuksessa on my\u00f6s suihkut ja wc-tilat. Viereisess\u00e4 rakennuksessa on takkatupa ja pukuhuoneet. Takkatuvassa on pieni keitti\u00f6nurkkaus (j\u00e4\u00e4kaappi, mikroaaltouuni, kahvin- ja teenkeitin, pesuallas ja astioita). Takkatupaan mahtuu aterioimaan noin 15 henkil\u00f6\u00e4, ulkoterassilla istumapaikkoja on 12.<\/p>\r\n<p>Sauna remontoitu vuonna 2025, tehty mm. uudet lauteet ja uusittu kaikki l\u00f6ylyhuoneen pinnat sek\u00e4 pesuhuoneen lattia.\u00a0 My\u00f6s upouusi kiuas hankittu.\u00a0<\/p>\r\n\r\n\r\n\r\n<p>Saunaa vuokrataan kes\u00e4isin viikonloppuina sek\u00e4 arkip\u00e4ivisin klo 17 asti, sill\u00e4 sauna on kuntalaisten yleisess\u00e4 k\u00e4yt\u00f6ss\u00e4 joka arki-ilta 15.8. saakka klo 18-22. Elokuun lopun saunomme tunnin lyhennettyn\u00e4 eli sauna l\u00e4mpim\u00e4n\u00e4 klo 18-21. Kes\u00e4sesongin ulkopuolella sauna on vuokrattavissa perjantai-iltoja lukuunottamatta.<\/p>\r\n<p>&nbsp;<\/p>\r\n\r\n\r\n\r\n<ul class=\"wp-block-list\">\r\n<li><a href=\"https:\/\/rautila.fi\/index.php\/rantasauna\/vuokraus\/\" data-type=\"URL\">Saunan vuokraus<\/a><\/li>\r\n<\/ul>\r\n\r\n\r\n\r\n<p>&nbsp;<\/p>\r\n\r\n\r\n\r\n<figure class=\"wp-block-image size-large\"><img loading=\"lazy\" decoding=\"async\" width=\"1024\" height=\"577\" class=\"wp-image-550\" src=\"https:\/\/rautila.fi\/wordpress\/wp-content\/uploads\/2023\/05\/WP_20180224_12_25_30_Pro-1024x577.jpg\" alt=\"\" srcset=\"https:\/\/rautila.fi\/wp-content\/uploads\/2023\/05\/WP_20180224_12_25_30_Pro-1024x577.jpg 1024w, https:\/\/rautila.fi\/wp-content\/uploads\/2023\/05\/WP_20180224_12_25_30_Pro-300x169.jpg 300w, https:\/\/rautila.fi\/wp-content\/uploads\/2023\/05\/WP_20180224_12_25_30_Pro-768x433.jpg 768w, https:\/\/rautila.fi\/wp-content\/uploads\/2023\/05\/WP_20180224_12_25_30_Pro-1536x866.jpg 1536w, https:\/\/rautila.fi\/wp-content\/uploads\/2023\/05\/WP_20180224_12_25_30_Pro.jpg 1632w\" sizes=\"auto, (max-width: 1024px) 100vw, 1024px\" \/><\/figure>\r\n","protected":false},"excerpt":{"rendered":"<p>Rautilan-Irjalan kyl\u00e4yhdistys vuokraa rantasaunaa, joka sijaitsee Vehmaan kunnassa Rautilan kyl\u00e4ss\u00e4 Vehmassalmen rannalla Vehmassalmen tanssipaviljongin ja Vankkurivehmas-karavaanarialueen (SF Caravan Raisio) l\u00e4heisyydess\u00e4.Osoite: Vanha rantatie 1, 23260 Rautila.Koordinaatit (Google maps): 60.62105256830462, 21.68773637840388 Puul\u00e4mmitteiseen saunaan mahtuu kerrallaan kolmisenkymment\u00e4 saunojaa. Saunarakennuksessa on my\u00f6s suihkut ja &hellip; <a href=\"https:\/\/rautila.fi\/index.php\/rantasauna\/\">Lue loppuun <span class=\"meta-nav\">&rarr;<\/span><\/a><\/p>\n","protected":false},"author":1,"featured_media":347,"parent":0,"menu_order":0,"comment_status":"closed","ping_status":"closed","template":"","meta":{"footnotes":""},"class_list":["post-18","page","type-page","status-publish","has-post-thumbnail","hentry"],"_links":{"self":[{"href":"https:\/\/rautila.fi\/index.php\/wp-json\/wp\/v2\/pages\/18","targetHints":{"allow":["GET"]}}],"collection":[{"href":"https:\/\/rautila.fi\/index.php\/wp-json\/wp\/v2\/pages"}],"about":[{"href":"https:\/\/rautila.fi\/index.php\/wp-json\/wp\/v2\/types\/page"}],"author":[{"embeddable":true,"href":"https:\/\/rautila.fi\/index.php\/wp-json\/wp\/v2\/users\/1"}],"replies":[{"embeddable":true,"href":"https:\/\/rautila.fi\/index.php\/wp-json\/wp\/v2\/comments?post=18"}],"version-history":[{"count":14,"href":"https:\/\/rautila.fi\/index.php\/wp-json\/wp\/v2\/pages\/18\/revisions"}],"predecessor-version":[{"id":1161,"href":"https:\/\/rautila.fi\/index.php\/wp-json\/wp\/v2\/pages\/18\/revisions\/1161"}],"wp:featuredmedia":[{"embeddable":true,"href":"https:\/\/rautila.fi\/index.php\/wp-json\/wp\/v2\/media\/347"}],"wp:attachment":[{"href":"https:\/\/rautila.fi\/index.php\/wp-json\/wp\/v2\/media?parent=18"}],"curies":[{"name":"wp","href":"https:\/\/api.w.org\/{rel}","templated":true}]}}